{"id":2612,"date":"2021-11-11T17:37:14","date_gmt":"2021-11-11T17:37:14","guid":{"rendered":"http:\/\/motorcontrol.umh.es\/?page_id=2612"},"modified":"2021-12-10T17:54:51","modified_gmt":"2021-12-10T17:54:51","slug":"i-jornadas-internacionales-de-aprendizaje-y-control-motor-aplicado-a-la-destreza-motriz-implicaciones-para-el-entrenamiento-deportivo","status":"publish","type":"page","link":"https:\/\/motorcontrol.umh.es\/en\/i-jornadas-internacionales-de-aprendizaje-y-control-motor-aplicado-a-la-destreza-motriz-implicaciones-para-el-entrenamiento-deportivo\/","title":{"rendered":"ApCoM Conference"},"content":{"rendered":"<p>[et_pb_section admin_label=&#8221;section&#8221; background_image=&#8221;http:\/\/motorcontrol.umh.es\/files\/2021\/11\/Banner2.png&#8221; transparent_background=&#8221;off&#8221; allow_player_pause=&#8221;off&#8221; inner_shadow=&#8221;off&#8221; parallax=&#8221;off&#8221; parallax_method=&#8221;off&#8221; padding_mobile=&#8221;off&#8221; make_fullwidth=&#8221;off&#8221; use_custom_width=&#8221;off&#8221; width_unit=&#8221;on&#8221; make_equal=&#8221;off&#8221; use_custom_gutter=&#8221;off&#8221; background_color=&#8221;#000000&#8243;][et_pb_row admin_label=&#8221;row&#8221;][et_pb_column type=&#8221;4_4&#8243;][et_pb_text admin_label=&#8221;Texto&#8221; background_layout=&#8221;light&#8221; text_orientation=&#8221;left&#8221; text_font_size=&#8221;35&#8243; text_text_color=&#8221;#ffffff&#8221; use_border_color=&#8221;off&#8221; border_color=&#8221;#ffffff&#8221; border_style=&#8221;solid&#8221;]<\/p>\n<p><em><strong>I International Conference on Learning and Motor Control applied to motor skills. <\/strong><\/em><\/p>\n<p>Implications for sports training<\/p>\n<p>[\/et_pb_text][et_pb_countdown_timer admin_label=&#8221;Temporizador de cuenta atr\u00e1s&#8221; title=&#8221;INICIO DE LAS JORNADAS&#8221; date_time=&#8221;12\/13\/2021 16:00&#8243; background_layout=&#8221;light&#8221; use_background_color=&#8221;on&#8221; background_color=&#8221;#7EBEC5&#8243; custom_margin=&#8221;0px||0px|700px&#8221; custom_padding=&#8221;20px|20px|20px|20px&#8221; header_font_size=&#8221;20&#8243; label_font_size=&#8221;15&#8243; numbers_font_size=&#8221;30px&#8221; numbers_line_height=&#8221;30px&#8221;]<br \/>\n[\/et_pb_countdown_timer][\/et_pb_column][\/et_pb_row][\/et_pb_section][et_pb_section admin_label=&#8221;section&#8221;][et_pb_row admin_label=&#8221;row&#8221;][et_pb_column type=&#8221;4_4&#8243;][et_pb_text admin_label=&#8221;Texto&#8221; background_layout=&#8221;light&#8221; text_orientation=&#8221;justified&#8221; use_border_color=&#8221;off&#8221; border_color=&#8221;#ffffff&#8221; border_style=&#8221;solid&#8221;]<\/p>\n<p>Las <strong><em>I Jornadas Internacionales de Aprendizaje y Control Motor aplicado a la destreza motriz. Implicaciones para el entrenamiento deportivo<\/em><\/strong> se presentan como un evento cient\u00edfico de car\u00e1cter internacional y de referencia para la presentaci\u00f3n de las \u00faltimas tendencias de investigaci\u00f3n y aplicaci\u00f3n de metodolog\u00edas de an\u00e1lisis y de entrenamiento para la mejora de las habilidades motrices.<\/p>\n<p>En la jornada se mostrar\u00e1n los hallazgos obtenidos gracias a las investigaciones dentro del campo del aprendizaje y control motor con implicaciones relacionadas en \u00e1mbitos como: la reeducaci\u00f3n motriz en enfermedades de car\u00e1cter neurol\u00f3gico, el mantenimiento de la capacidad funcional y autonom\u00eda en el adulto mayor, desarrollo de aplicaciones Brain-Computer interface para la asistencia y la rehabilitaci\u00f3n, la mejora de los procesos de adquisici\u00f3n de habilidades motrices b\u00e1sicas o el uso de estrategias pedag\u00f3gicas para el fomento de destreza y la mejora del rendimiento motor.<\/p>\n<p><strong>\u00bfQu\u00e9 aprender\u00e1s en estas jornadas?<\/strong><\/p>\n<ul>\n<li>La mec\u00e1nica muscular para la optimizaci\u00f3n de los programas de entrenamiento motor.<\/li>\n<li>Las posibilidades de las Brain-Computer Interfaces para el aprendizaje motor y la neurohabilitaci\u00f3n.<\/li>\n<li>La pedagog\u00eda no lineal para la mejora de la adquisici\u00f3n de las habilidades motoras.<\/li>\n<li>Conocer\u00e1s c\u00f3mo el fomento de la creatividad puede mejorar el proceso de entrenamiento deportivo.<\/li>\n<li>La din\u00e1mica de las sinergias en deportes colectivos y su relaci\u00f3n con las demandas f\u00edsicas durante el desarrollo de los elementos t\u00e9cnico-t\u00e1cticos.<\/li>\n<\/ul>\n<p><strong>\u00bfCu\u00e1ndo y d\u00f3nde se celebran?<\/strong> Los d\u00edas 13 y 14 de diciembre en la Universidad Miguel Hern\u00e1ndez de Elche.<\/p>\n<p><strong>\u00bfPrecio? Gratuito.<\/strong><\/p>\n<p>[\/et_pb_text][et_pb_button admin_label=&#8221;Bot\u00f3n&#8221; button_url=&#8221;https:\/\/sites.google.com\/goumh.umh.es\/httpjornadasapcom\/inicio&#8221; url_new_window=&#8221;on&#8221; button_text=&#8221;M\u00c1S INFORMACI\u00d3N&#8221; button_alignment=&#8221;right&#8221; background_layout=&#8221;light&#8221; custom_button=&#8221;off&#8221; button_letter_spacing=&#8221;0&#8243; button_use_icon=&#8221;default&#8221; button_icon_placement=&#8221;right&#8221; button_on_hover=&#8221;on&#8221; button_letter_spacing_hover=&#8221;0&#8243;]<br \/>\n[\/et_pb_button][et_pb_image admin_label=&#8221;Imagen&#8221; src=&#8221;http:\/\/motorcontrol.umh.es\/files\/2021\/11\/Logos.png&#8221; show_in_lightbox=&#8221;off&#8221; url_new_window=&#8221;off&#8221; use_overlay=&#8221;off&#8221; animation=&#8221;left&#8221; sticky=&#8221;off&#8221; align=&#8221;left&#8221; force_fullwidth=&#8221;off&#8221; always_center_on_mobile=&#8221;on&#8221; use_border_color=&#8221;off&#8221; border_color=&#8221;#ffffff&#8221; border_style=&#8221;solid&#8221;]<br \/>\n[\/et_pb_image][\/et_pb_column][\/et_pb_row][\/et_pb_section]<\/p>","protected":false},"excerpt":{"rendered":"<p>I International Conference on Learning and Motor Control applied to motor skills. Implications for sports training Las I Jornadas Internacionales de Aprendizaje y Control Motor aplicado a la destreza motriz. Implicaciones para el entrenamiento deportivo se presentan como un evento cient\u00edfico de car\u00e1cter internacional y de referencia para la presentaci\u00f3n de las \u00faltimas tendencias de [&hellip;]<\/p>\n","protected":false},"author":2640,"featured_media":0,"parent":0,"menu_order":0,"comment_status":"open","ping_status":"open","template":"","meta":{"_et_pb_use_builder":"on","_et_pb_old_content":"","_et_gb_content_width":"","_links_to":"","_links_to_target":""},"_links":{"self":[{"href":"https:\/\/motorcontrol.umh.es\/en\/wp-json\/wp\/v2\/pages\/2612"}],"collection":[{"href":"https:\/\/motorcontrol.umh.es\/en\/wp-json\/wp\/v2\/pages"}],"about":[{"href":"https:\/\/motorcontrol.umh.es\/en\/wp-json\/wp\/v2\/types\/page"}],"author":[{"embeddable":true,"href":"https:\/\/motorcontrol.umh.es\/en\/wp-json\/wp\/v2\/users\/2640"}],"replies":[{"embeddable":true,"href":"https:\/\/motorcontrol.umh.es\/en\/wp-json\/wp\/v2\/comments?post=2612"}],"version-history":[{"count":0,"href":"https:\/\/motorcontrol.umh.es\/en\/wp-json\/wp\/v2\/pages\/2612\/revisions"}],"wp:attachment":[{"href":"https:\/\/motorcontrol.umh.es\/en\/wp-json\/wp\/v2\/media?parent=2612"}],"curies":[{"name":"wp","href":"https:\/\/api.w.org\/{rel}","templated":true}]}}