{"id":2230,"date":"2018-09-26T11:35:03","date_gmt":"2018-09-26T11:35:03","guid":{"rendered":"http:\/\/motorcontrol.umh.es\/?page_id=2230"},"modified":"2018-10-11T09:39:18","modified_gmt":"2018-10-11T09:39:18","slug":"dr-d-hernandez-davo-jose-luis","status":"publish","type":"page","link":"https:\/\/motorcontrol.umh.es\/en\/dr-d-hernandez-davo-jose-luis\/","title":{"rendered":"(Espa\u00f1ol) Dr. D. Hern\u00e1ndez Dav\u00f3, Jos\u00e9 Luis"},"content":{"rendered":"<p>[et_pb_section admin_label=&#8221;section&#8221;][et_pb_row admin_label=&#8221;row&#8221;][et_pb_column type=&#8221;4_4&#8243;][et_pb_text admin_label=&#8221;Texto&#8221; background_layout=&#8221;light&#8221; text_orientation=&#8221;left&#8221; use_border_color=&#8221;off&#8221; border_color=&#8221;#ffffff&#8221; border_style=&#8221;solid&#8221;]<\/p>\n<h3>Hern\u00e1ndez Dav\u00f3, Jos\u00e9 Luis, MS.c, Ph.D.<\/h3>\n<p>[\/et_pb_text][\/et_pb_column][\/et_pb_row][et_pb_row admin_label=&#8221;row&#8221;][et_pb_column type=&#8221;1_4&#8243;][et_pb_image admin_label=&#8221;Imagen&#8221; src=&#8221;http:\/\/motorcontrol.umh.es\/files\/2018\/04\/Jose_Luis_Hernandez.jpg&#8221; show_in_lightbox=&#8221;off&#8221; url_new_window=&#8221;off&#8221; use_overlay=&#8221;off&#8221; animation=&#8221;left&#8221; sticky=&#8221;off&#8221; align=&#8221;left&#8221; force_fullwidth=&#8221;off&#8221; always_center_on_mobile=&#8221;on&#8221; use_border_color=&#8221;off&#8221; border_color=&#8221;#ffffff&#8221; border_style=&#8221;solid&#8221; \/][\/et_pb_column][et_pb_column type=&#8221;3_4&#8243;][et_pb_text admin_label=&#8221;Texto&#8221; background_layout=&#8221;light&#8221; text_orientation=&#8221;left&#8221; use_border_color=&#8221;off&#8221; border_color=&#8221;#ffffff&#8221; border_style=&#8221;solid&#8221;]<\/p>\n<p style=\"text-align: justify;\"><span style=\"font-weight: 400;\">Jose Luis Hern\u00e1ndez holds a Sport Science Degree from the Miguel Hern\u00e1ndez University of Elche (UMH). He also studied a Master\u2019s degree in Sports Performance and Health and obtained his PhD in Sport Science at the same university.<\/span><\/p>\n<p style=\"text-align: justify;\"><span style=\"font-weight: 400;\">Currently, he works as an Associate Professor and his two main teaching subjects are Tennis and New Technologies and Trends in Physical Conditioning in the Physical Activity and Sport Science Degree. He also collaborates in research as a technician in the Motor Control and Learning research group.<\/span><\/p>\n<p style=\"text-align: justify;\"><span style=\"font-weight: 400;\">His main research topics are: i) <\/span><span style=\"font-weight: 400;\">the study of the functional role of motor variability in order to improve motor control and learning process and ii) the analysis of how the manipulation of different strength training variables (variability, uncertainty, etc.) affects the neuromuscular adaptation and the improvement of sport performance.<\/span><\/p>\n<h3><\/h3>\n<p>[\/et_pb_text][\/et_pb_column][\/et_pb_row][\/et_pb_section]<\/p>","protected":false},"excerpt":{"rendered":"<p>Hern\u00e1ndez Dav\u00f3, Jos\u00e9 Luis, MS.c, Ph.D. Jose Luis Hern\u00e1ndez holds a Sport Science Degree from the Miguel Hern\u00e1ndez University of Elche (UMH). He also studied a Master\u2019s degree in Sports Performance and Health and obtained his PhD in Sport Science at the same university. Currently, he works as an Associate Professor and his two main [&hellip;]<\/p>\n","protected":false},"author":18464,"featured_media":0,"parent":0,"menu_order":0,"comment_status":"open","ping_status":"open","template":"","meta":{"_et_pb_use_builder":"on","_et_pb_old_content":"","_et_gb_content_width":"","_links_to":"","_links_to_target":""},"_links":{"self":[{"href":"https:\/\/motorcontrol.umh.es\/en\/wp-json\/wp\/v2\/pages\/2230"}],"collection":[{"href":"https:\/\/motorcontrol.umh.es\/en\/wp-json\/wp\/v2\/pages"}],"about":[{"href":"https:\/\/motorcontrol.umh.es\/en\/wp-json\/wp\/v2\/types\/page"}],"author":[{"embeddable":true,"href":"https:\/\/motorcontrol.umh.es\/en\/wp-json\/wp\/v2\/users\/18464"}],"replies":[{"embeddable":true,"href":"https:\/\/motorcontrol.umh.es\/en\/wp-json\/wp\/v2\/comments?post=2230"}],"version-history":[{"count":0,"href":"https:\/\/motorcontrol.umh.es\/en\/wp-json\/wp\/v2\/pages\/2230\/revisions"}],"wp:attachment":[{"href":"https:\/\/motorcontrol.umh.es\/en\/wp-json\/wp\/v2\/media?parent=2230"}],"curies":[{"name":"wp","href":"https:\/\/api.w.org\/{rel}","templated":true}]}}