{"id":2226,"date":"2018-09-26T11:30:55","date_gmt":"2018-09-26T11:30:55","guid":{"rendered":"http:\/\/motorcontrol.umh.es\/?page_id=2226"},"modified":"2018-10-11T09:30:15","modified_gmt":"2018-10-11T09:30:15","slug":"dr-d-urban-infantes-tomas","status":"publish","type":"page","link":"https:\/\/motorcontrol.umh.es\/en\/dr-d-urban-infantes-tomas\/","title":{"rendered":"(Espa\u00f1ol) Dr. D. Urb\u00e1n Infantes, Tom\u00e1s"},"content":{"rendered":"<p>[et_pb_section admin_label=&#8221;section&#8221;][et_pb_row admin_label=&#8221;row&#8221;][et_pb_column type=&#8221;4_4&#8243;][et_pb_text admin_label=&#8221;Texto&#8221; background_layout=&#8221;light&#8221; text_orientation=&#8221;left&#8221; use_border_color=&#8221;off&#8221; border_color=&#8221;#ffffff&#8221; border_style=&#8221;solid&#8221;]<\/p>\n<h3>Urb\u00e1n Infantes, Tom\u00e1s, MS.c, Ph.D.<\/h3>\n<p>&nbsp;<\/p>\n<p>[\/et_pb_text][\/et_pb_column][\/et_pb_row][et_pb_row admin_label=&#8221;row&#8221;][et_pb_column type=&#8221;1_4&#8243;][et_pb_image admin_label=&#8221;Imagen&#8221; src=&#8221;http:\/\/motorcontrol.umh.es\/files\/2018\/07\/Tomas_Urban.jpg&#8221; show_in_lightbox=&#8221;off&#8221; url_new_window=&#8221;off&#8221; use_overlay=&#8221;off&#8221; animation=&#8221;left&#8221; sticky=&#8221;off&#8221; align=&#8221;left&#8221; force_fullwidth=&#8221;off&#8221; always_center_on_mobile=&#8221;on&#8221; use_border_color=&#8221;off&#8221; border_color=&#8221;#ffffff&#8221; border_style=&#8221;solid&#8221; \/][\/et_pb_column][et_pb_column type=&#8221;3_4&#8243;][et_pb_text admin_label=&#8221;Texto&#8221; background_layout=&#8221;light&#8221; text_orientation=&#8221;left&#8221; use_border_color=&#8221;off&#8221; border_color=&#8221;#ffffff&#8221; border_style=&#8221;solid&#8221;]<\/p>\n<p><span style=\"font-weight: 400;\">Tom\u00e1s Urb\u00e1n holds a degree in Sport Science and a PhD in Sport Science from the Miguel Hern\u00e1ndez University of Elche (UMH). He also has a different Master\u2019s degree in Sports Performance and Health and Education.<\/span><\/p>\n<p><span style=\"font-weight: 400;\">Currently, he works as an Associate Professor and Technical support in teaching and research in the Sport Research Center (CID) at the same university.<\/span><\/p>\n<p><span style=\"font-weight: 400;\">His main research interest is to know the functional role of motor variability in order to improve motor control and learning process, as well as knowing the most effective training methods and effects to improve the learning process of sports technique.<\/span><\/p>\n<p>&nbsp;<\/p>\n<p>[\/et_pb_text][\/et_pb_column][\/et_pb_row][\/et_pb_section]<\/p>","protected":false},"excerpt":{"rendered":"<p>Urb\u00e1n Infantes, Tom\u00e1s, MS.c, Ph.D. &nbsp; Tom\u00e1s Urb\u00e1n holds a degree in Sport Science and a PhD in Sport Science from the Miguel Hern\u00e1ndez University of Elche (UMH). He also has a different Master\u2019s degree in Sports Performance and Health and Education. Currently, he works as an Associate Professor and Technical support in teaching and [&hellip;]<\/p>\n","protected":false},"author":18464,"featured_media":0,"parent":0,"menu_order":0,"comment_status":"open","ping_status":"open","template":"","meta":{"_et_pb_use_builder":"on","_et_pb_old_content":"","_et_gb_content_width":"","_links_to":"","_links_to_target":""},"_links":{"self":[{"href":"https:\/\/motorcontrol.umh.es\/en\/wp-json\/wp\/v2\/pages\/2226"}],"collection":[{"href":"https:\/\/motorcontrol.umh.es\/en\/wp-json\/wp\/v2\/pages"}],"about":[{"href":"https:\/\/motorcontrol.umh.es\/en\/wp-json\/wp\/v2\/types\/page"}],"author":[{"embeddable":true,"href":"https:\/\/motorcontrol.umh.es\/en\/wp-json\/wp\/v2\/users\/18464"}],"replies":[{"embeddable":true,"href":"https:\/\/motorcontrol.umh.es\/en\/wp-json\/wp\/v2\/comments?post=2226"}],"version-history":[{"count":0,"href":"https:\/\/motorcontrol.umh.es\/en\/wp-json\/wp\/v2\/pages\/2226\/revisions"}],"wp:attachment":[{"href":"https:\/\/motorcontrol.umh.es\/en\/wp-json\/wp\/v2\/media?parent=2226"}],"curies":[{"name":"wp","href":"https:\/\/api.w.org\/{rel}","templated":true}]}}