{"id":2222,"date":"2018-09-26T11:27:56","date_gmt":"2018-09-26T11:27:56","guid":{"rendered":"http:\/\/motorcontrol.umh.es\/?page_id=2222"},"modified":"2018-10-11T09:12:22","modified_gmt":"2018-10-11T09:12:22","slug":"dr-d-raul-reina-vaillo","status":"publish","type":"page","link":"https:\/\/motorcontrol.umh.es\/en\/dr-d-raul-reina-vaillo\/","title":{"rendered":"(Espa\u00f1ol) Dr. D.  Ra\u00fal Reina Va\u00edllo"},"content":{"rendered":"<p>[et_pb_section admin_label=&#8221;section&#8221;][et_pb_row admin_label=&#8221;row&#8221;][et_pb_column type=&#8221;4_4&#8243;][et_pb_text admin_label=&#8221;Texto&#8221; background_layout=&#8221;light&#8221; text_orientation=&#8221;left&#8221; use_border_color=&#8221;off&#8221; border_color=&#8221;#ffffff&#8221; border_style=&#8221;solid&#8221;]<\/p>\n<h3>Reina Vaillo, Ra\u00fal, MS.c, Ph.D.<\/h3>\n<p>[\/et_pb_text][\/et_pb_column][\/et_pb_row][et_pb_row admin_label=&#8221;row&#8221;][et_pb_column type=&#8221;1_4&#8243;][et_pb_image admin_label=&#8221;Imagen&#8221; src=&#8221;http:\/\/motorcontrol.umh.es\/files\/2018\/04\/Raul_Reina.jpg&#8221; show_in_lightbox=&#8221;off&#8221; url_new_window=&#8221;off&#8221; use_overlay=&#8221;off&#8221; animation=&#8221;left&#8221; sticky=&#8221;off&#8221; align=&#8221;left&#8221; force_fullwidth=&#8221;off&#8221; always_center_on_mobile=&#8221;on&#8221; use_border_color=&#8221;off&#8221; border_color=&#8221;#ffffff&#8221; border_style=&#8221;solid&#8221; \/][\/et_pb_column][et_pb_column type=&#8221;3_4&#8243;][et_pb_text admin_label=&#8221;Texto&#8221; background_layout=&#8221;light&#8221; text_orientation=&#8221;left&#8221; use_border_color=&#8221;off&#8221; border_color=&#8221;#ffffff&#8221; border_style=&#8221;solid&#8221;]<\/p>\n<p style=\"text-align: justify;\"><span style=\"font-weight: 400;\">Ra\u00fal Reina is a full Professor at the Miguel Hern\u00e1ndez University (UMH), delivering teaching courses at the Sport Science and also Occupational Therapy degrees, as well as in the Sports Performance and Health Master Degree. \u00a0He is also a research staff member of the Sport Research Center (CID), as well as, Director of the Department of Services for Students with Disabilities at the UMH.<\/span><\/p>\n<p style=\"text-align: justify;\"><span style=\"font-weight: 400;\">He holds a European Master\u2019s Degree in Adapted Physical Activity and Sport from the Catholic University of Leuven (Belgium). Currently, he is part of the Education Board of the new Master Degree in Adapted Physical Activity (IMAPA) by the KU Leuven (Belgium)<\/span><\/p>\n<p style=\"text-align: justify;\"><span style=\"font-weight: 400;\">He lecturer in several masters and doctoral programmes around Spain, like for example: University of Castilla-La Mancha, Polytechnic University of Madrid, the European University of Madrid, the Autonomous University of Madrid and Pontifical University of Salamanca.<\/span><\/p>\n<p style=\"text-align: justify;\"><span style=\"font-weight: 400;\">Regarding research transfer, he is in charge of the Classification for the International Cerebral Palsy Football Federation (IFCPF). He also works as international classifier for the International Boccia Sports Federation (BISFED) and World Para Athletics (formerly IPC Athletics). At the national level, he is the Chairperson of the Classification Commission of the Spanish Paralympic Committee; and Founding Member of the Spanish Association of Physical Activity and Adapted Sport (AEDAFA).<\/span><\/p>\n<p style=\"text-align: justify;\"><span style=\"font-weight: 400;\">His professional and research interests are a focus on two main topics. Firstly, the classification in Paralympic Sports, having a fruitful scientific production in CP Football and Boccia. The aim of this research topic is to develop different procedures to assess the impairment of people with Cerebral Palsy and other neurological impairments, analysing the impact that impairments have on sport performance. His second research interest is related to the inclusion of students with a disability in the university environment through physical and sport activity.<\/span><\/p>\n<p style=\"text-align: justify;\">\n<p>[\/et_pb_text][\/et_pb_column][\/et_pb_row][\/et_pb_section]<\/p>","protected":false},"excerpt":{"rendered":"<p>Reina Vaillo, Ra\u00fal, MS.c, Ph.D. Ra\u00fal Reina is a full Professor at the Miguel Hern\u00e1ndez University (UMH), delivering teaching courses at the Sport Science and also Occupational Therapy degrees, as well as in the Sports Performance and Health Master Degree. \u00a0He is also a research staff member of the Sport Research Center (CID), as well [&hellip;]<\/p>\n","protected":false},"author":18464,"featured_media":0,"parent":0,"menu_order":0,"comment_status":"open","ping_status":"open","template":"","meta":{"_et_pb_use_builder":"on","_et_pb_old_content":"","_et_gb_content_width":"","_links_to":"","_links_to_target":""},"_links":{"self":[{"href":"https:\/\/motorcontrol.umh.es\/en\/wp-json\/wp\/v2\/pages\/2222"}],"collection":[{"href":"https:\/\/motorcontrol.umh.es\/en\/wp-json\/wp\/v2\/pages"}],"about":[{"href":"https:\/\/motorcontrol.umh.es\/en\/wp-json\/wp\/v2\/types\/page"}],"author":[{"embeddable":true,"href":"https:\/\/motorcontrol.umh.es\/en\/wp-json\/wp\/v2\/users\/18464"}],"replies":[{"embeddable":true,"href":"https:\/\/motorcontrol.umh.es\/en\/wp-json\/wp\/v2\/comments?post=2222"}],"version-history":[{"count":0,"href":"https:\/\/motorcontrol.umh.es\/en\/wp-json\/wp\/v2\/pages\/2222\/revisions"}],"wp:attachment":[{"href":"https:\/\/motorcontrol.umh.es\/en\/wp-json\/wp\/v2\/media?parent=2222"}],"curies":[{"name":"wp","href":"https:\/\/api.w.org\/{rel}","templated":true}]}}