{"id":2176,"date":"2018-09-26T09:55:29","date_gmt":"2018-09-26T09:55:29","guid":{"rendered":"http:\/\/motorcontrol.umh.es\/?page_id=2176"},"modified":"2018-10-11T09:32:31","modified_gmt":"2018-10-11T09:32:31","slug":"dra-dna-carla-caballero-sanchez","status":"publish","type":"page","link":"https:\/\/motorcontrol.umh.es\/en\/dra-dna-carla-caballero-sanchez\/","title":{"rendered":"(Espa\u00f1ol) Dra. D\u00f1a. Carla Caballero S\u00e1nchez"},"content":{"rendered":"<p>[et_pb_section admin_label=&#8221;section&#8221;][et_pb_row admin_label=&#8221;row&#8221;][et_pb_column type=&#8221;4_4&#8243;][et_pb_text admin_label=&#8221;Texto&#8221; background_layout=&#8221;light&#8221; text_orientation=&#8221;left&#8221; use_border_color=&#8221;off&#8221; border_color=&#8221;#ffffff&#8221; border_style=&#8221;solid&#8221;]<\/p>\n<h3>Caballero S\u00e1nchez, Carla, MS.c, Ph.D.<\/h3>\n<p>[\/et_pb_text][\/et_pb_column][\/et_pb_row][et_pb_row admin_label=&#8221;row&#8221;][et_pb_column type=&#8221;1_4&#8243;][et_pb_image admin_label=&#8221;Imagen&#8221; src=&#8221;http:\/\/motorcontrol.umh.es\/files\/2018\/07\/Carla_Caballero.jpg&#8221; show_in_lightbox=&#8221;off&#8221; url_new_window=&#8221;off&#8221; use_overlay=&#8221;off&#8221; animation=&#8221;left&#8221; sticky=&#8221;off&#8221; align=&#8221;left&#8221; force_fullwidth=&#8221;off&#8221; always_center_on_mobile=&#8221;on&#8221; use_border_color=&#8221;off&#8221; border_color=&#8221;#ffffff&#8221; border_style=&#8221;solid&#8221; \/][\/et_pb_column][et_pb_column type=&#8221;3_4&#8243;][et_pb_text admin_label=&#8221;Texto&#8221; background_layout=&#8221;light&#8221; text_orientation=&#8221;left&#8221; use_border_color=&#8221;off&#8221; border_color=&#8221;#ffffff&#8221; border_style=&#8221;solid&#8221;]<\/p>\n<p style=\"text-align: justify;\"><span style=\"font-weight: 400;\">Carla Caballero has studied a Sport Science degree at the University of Extremadura and holds a Master\u2019s degree in Sports Performance and Health and a Ph.D. in Sport Science from the Miguel Hernandez University of Elche (UMH). During her Ph.D. program, she did a pre-doctoral stay at the University of Rouen, the CETAPS research group, in France, and another one in Sheffield Hallam University, in the CSRE research group, in the United Kingdom. She was also working at Rutgers University, NJ, USA, as a postdoctoral member of the Sensory-Motor Integration Lab.<\/span><\/p>\n<p style=\"text-align: justify;\"><span style=\"font-weight: 400;\">Nowadays, she works as an Assistant Professor teaching Motor Control and Learning at the UMH. She is also a research staff member in the Sport Research Center (CID), specifically in the Motor Control and Learning research group (APCOM).<\/span><\/p>\n<p style=\"text-align: justify;\"><span style=\"font-weight: 400;\">Her main research interest lies on studying the functional role of motor variability in order to improve motor control and learning process in healthy people and people with neuronal disorders.<\/span><\/p>\n<p style=\"text-align: justify;\">\n<p>[\/et_pb_text][\/et_pb_column][\/et_pb_row][\/et_pb_section]<\/p>","protected":false},"excerpt":{"rendered":"<p>Caballero S\u00e1nchez, Carla, MS.c, Ph.D. Carla Caballero has studied a Sport Science degree at the University of Extremadura and holds a Master\u2019s degree in Sports Performance and Health and a Ph.D. in Sport Science from the Miguel Hernandez University of Elche (UMH). During her Ph.D. program, she did a pre-doctoral stay at the University of [&hellip;]<\/p>\n","protected":false},"author":6277,"featured_media":0,"parent":0,"menu_order":0,"comment_status":"open","ping_status":"open","template":"","meta":{"_et_pb_use_builder":"on","_et_pb_old_content":"","_et_gb_content_width":"","_links_to":"","_links_to_target":""},"_links":{"self":[{"href":"https:\/\/motorcontrol.umh.es\/en\/wp-json\/wp\/v2\/pages\/2176"}],"collection":[{"href":"https:\/\/motorcontrol.umh.es\/en\/wp-json\/wp\/v2\/pages"}],"about":[{"href":"https:\/\/motorcontrol.umh.es\/en\/wp-json\/wp\/v2\/types\/page"}],"author":[{"embeddable":true,"href":"https:\/\/motorcontrol.umh.es\/en\/wp-json\/wp\/v2\/users\/6277"}],"replies":[{"embeddable":true,"href":"https:\/\/motorcontrol.umh.es\/en\/wp-json\/wp\/v2\/comments?post=2176"}],"version-history":[{"count":0,"href":"https:\/\/motorcontrol.umh.es\/en\/wp-json\/wp\/v2\/pages\/2176\/revisions"}],"wp:attachment":[{"href":"https:\/\/motorcontrol.umh.es\/en\/wp-json\/wp\/v2\/media?parent=2176"}],"curies":[{"name":"wp","href":"https:\/\/api.w.org\/{rel}","templated":true}]}}